{"id":797,"date":"2020-07-16T20:45:53","date_gmt":"2020-07-16T18:45:53","guid":{"rendered":"https:\/\/storkcargobike.com\/?post_type=product&#038;p=797"},"modified":"2024-11-13T14:08:49","modified_gmt":"2024-11-13T13:08:49","slug":"e-rower-stork-short-electric","status":"publish","type":"product","link":"https:\/\/storkcargobike.com\/index.php\/produkt\/e-rower-stork-short-electric\/","title":{"rendered":"Stork SHORT Electric"},"content":{"rendered":"","protected":false},"excerpt":{"rendered":"<p>Zwi\u0119ksz zasi\u0119g swoich podr\u00f3\u017cy, pr\u0119dko\u015b\u0107 oraz wygod\u0119. Elektryczny rower cargo zast\u0105pi Tobie samoch\u00f3d podczas wi\u0119kszo\u015bci podr\u00f3\u017cy w mie\u015bcie.<\/p>\n<p>Zastosowany silnik generuje bardzo du\u017c\u0105 si\u0142\u0119 wspomagania w\u0142a\u015bnie wtedy, gdy jej najbardziej potrzebujesz, czyli przy ruszaniu i je\u017adzie pod du\u017cym obci\u0105\u017ceniem np. pod g\u00f3rk\u0119. Bezprzek\u0142adniowy i bezszczotkowy silnik zapewnia <strong>najmniejsze opory<\/strong> i zupe\u0142nie <strong>bezg\u0142o\u015bn\u0105 prac\u0119<\/strong>. Dodatkowym bonusem jest mo\u017cliwo\u015b\u0107 odzyskania do 10% energii dzi\u0119ki hamowaniu regeneracyjnemu. Bardzo ma\u0142e opory uk\u0142adu i wydajna bateria 48V o pojemno\u015bci 624Wh pozwalaj\u0105 na zasi\u0119gi <strong>60-100km<\/strong>.<\/p>\n<p>Storkiem w wersji SHORT bezpiecznie przewieziesz <strong>2 dzieci lub du\u017ce zakupy<\/strong>. Przy projektowaniu roweru skupili\u015bmy si\u0119 na <strong>bezpiecze\u0144stwie, lekko\u015bci i wytrzyma\u0142o\u015bci<\/strong>. Nasza elastyczna, stalowa rama z niskim \u015brodkiem ci\u0119\u017cko\u015bci i bardzo nisko umiejscowion\u0105 skrzyni\u0105 przyczyniaj\u0105 si\u0119 do \u015bwietnych w\u0142a\u015bciwo\u015bci jezdnych. Wygod\u0119 podczas jazdy zapewnia ergonomiczna geometria, siode\u0142ko ze spr\u0119\u017cynami i rama typu &#8222;damka&#8221;, umo\u017cliwiaj\u0105ca szybkie wej\u015bcie lub zej\u015bcie z roweru w dowolnych warunkach.<\/p>\n<p>Skrzynia zosta\u0142a zaprojektowana w taki spos\u00f3b, by zmie\u015bci\u0107 niemowl\u0119 w noside\u0142ku samochodowym zamocowanym np. poprzez <strong>amortyzowany adapter<\/strong> &#8222;Baby Mee&#8221; lub dw\u00f3jk\u0119 starszych dzieci na \u0142awce.<\/p>\n<p>Bezpiecze\u0144stwo dzieci zapewniaj\u0105 wysokie burty skrzyni, pasy bezpiecze\u0144stwa, bardzo niska pozycja \u0142aweczki i liczne <strong>elementy odblaskowe<\/strong>.<\/p>\n<p>Parametry roweru:<\/p>\n<ul>\n<li>Nominalna moc silnika 250W (chwilowa 1000W)<\/li>\n<li>Akumulator 48V 13Ah (624Wh energii)<\/li>\n<li>Zasi\u0119g: 60-90km<\/li>\n<li>Pr\u0119dko\u015b\u0107 maksymalna: 25km\/h<\/li>\n<li>Rozmiar ramy: 50cm (20&#8243;)<\/li>\n<li>D\u0142ugo\u015b\u0107: 2,3m<\/li>\n<li>Szeroko\u015b\u0107: 66cm (kierownica &#8211; najszersza cz\u0119\u015b\u0107 roweru)<\/li>\n<li>Wymiary pod\u0142ogi skrzyni: 49cm x 35cm (szeroko\u015b\u0107 x d\u0142ugo\u015b\u0107)<\/li>\n<li>Wysoko\u015b\u0107 pod\u0142ogi nad ziemi\u0105: 22cm (najni\u017cej w\u015br\u00f3d popularnych modeli cargo)<\/li>\n<li>Waga roweru: 30kg +6,5kg silnik +3kg jedna bateria<\/li>\n<li>Maksymalne obci\u0105\u017cenie: 100kg kierowca + 80kg w skrzyni<\/li>\n<li>Rama stalowa malowana proszkowo<\/li>\n<li>Skrzynia z drewnianej sklejki impregnowana lakierobejc\u0105<\/li>\n<li>Hamulce tarczowe<\/li>\n<li>Przerzutki 8-biegowe Shimano Acera<\/li>\n<li>Ko\u0142a: prz\u00f3d 20&#8243; (\u0142o\u017cyska maszynowe), ty\u0142 26&#8243; (b\u0119benek, kaseta),<\/li>\n<li>Opony Schwalbe Big Apple z wk\u0142adka antyprzebiciow\u0105: Kevlar Guard<\/li>\n<li>Szprychy kute Sapim model Strong 2,34 x 2,0<\/li>\n<li>Obr\u0119cze tr\u00f3jkomorowe Jumbo Remerx<\/li>\n<li>Siode\u0142ko \u017celowe amortyzowane spr\u0119\u017cynami marki Selle Royal<\/li>\n<\/ul>\n<p>Storka przewieziesz praktycznie w ka\u017cdym samochodzie dzi\u0119ki modu\u0142owej konstrukcji. Wystarczy odkr\u0119ci\u0107 pi\u0119\u0107 \u015brub, by <strong>roz\u0142\u0105czy\u0107 ram\u0119 na dwie cz\u0119\u015bci<\/strong>. Nam ta czynno\u015b\u0107 zajmuje 87 sekund:<br \/>\n<iframe src=\"https:\/\/www.youtube-nocookie.com\/embed\/QL16B4UsIgE?rel=0\" width=\"100%\" height=\"200\" frameborder=\"0\" allowfullscreen=\"allowfullscreen\"><\/iframe><\/p>\n<p>Cena dotyczy roweru ze skrzyni\u0105, \u0142aweczk\u0105 i pasami dla dzieci.<br \/>\nCena nie obejmuje akcesori\u00f3w oferowanych osobno m.in.:<br \/>\n&#8211; <a href=\"https:\/\/storkcargobike.com\/index.php\/produkt\/namiot-sloneczno-deszczowy\/\">namiot s\u0142oneczno-deszczowy<\/a><br \/>\n&#8211; <a href=\"https:\/\/storkcargobike.com\/index.php\/produkt\/poduszeczka-z-oparciem-na-lawke\/\">poduszki na \u0142aw\u0119 i oparcie<\/a><br \/>\n&#8211; <a href=\"https:\/\/storkcargobike.com\/index.php\/produkt\/adapter-do-nosidelek-maxi-cosi-i-in\/\">amortyzowany adapter z noside\u0142kiem Maxi-Cosi<\/a><\/p>\n<p><strong>Czas oczekiwania: zazwyczaj oko\u0142o 14-28 dni roboczych<\/strong><\/p>\n<p>Ten rower jest r\u00f3wnie\u017c dost\u0119pny w wersji:<\/p>\n<p>&#8211; premium:\u00a0<a href=\"https:\/\/storkcargobike.com\/index.php\/produkt\/e-rower-stork-short-pro\/\">Stork SHORT PRO<\/a><\/p>\n<p>&#8211; bez elektryki:\u00a0<a href=\"https:\/\/storkcargobike.com\/index.php\/produkt\/rower-stork-short-basic\/\">Stork SHORT BASIC<\/a><\/p>\n<p>&nbsp;<\/p>\n<table>\n<tbody>\n<tr>\n<td><\/td>\n<td><a href=\"https:\/\/storkcargobike.com\/index.php\/produkt\/e-rower-stork-short-pro\/\"><b>PRO<\/b><\/a><\/td>\n<td><a href=\"https:\/\/storkcargobike.com\/index.php\/produkt\/e-rower-stork-short-electric\/\"><b>ELECTRIC<\/b><\/a><\/td>\n<td><a href=\"https:\/\/storkcargobike.com\/index.php\/produkt\/rower-stork-short-basic\/\"><b>BASIC<\/b><\/a><\/td>\n<\/tr>\n<tr>\n<td>Silnik<\/td>\n<td>250W<\/td>\n<td>250W<\/td>\n<td>&#8211;<\/td>\n<\/tr>\n<tr>\n<td>Akumulator<\/td>\n<td>841Wh (17,5Ah\/48V)<\/td>\n<td>624Wh (13Ah\/48V)<\/td>\n<td>&#8211;<\/td>\n<\/tr>\n<tr>\n<td>Zasi\u0119g<\/td>\n<td>80-120km<\/td>\n<td>60-90km<\/td>\n<td>&#8211;<\/td>\n<\/tr>\n<tr>\n<td>Hamulce tarczowe<\/td>\n<td>Hydrauliczne<\/td>\n<td>Mechaniczne<\/td>\n<td>Mechaniczne<\/td>\n<\/tr>\n<tr>\n<td>Zasilanie lamp<\/td>\n<td>Akumulator g\u0142\u00f3wny<\/td>\n<td>Baterie AAA<\/td>\n<td>Baterie AAA<\/td>\n<\/tr>\n<tr>\n<td>Olejowy damper<\/td>\n<td>Tak<\/td>\n<td>&#8211;<\/td>\n<td>&#8211;<\/td>\n<\/tr>\n<tr>\n<td>Liczba prze\u0142o\u017ce\u0144<\/td>\n<td>9<\/td>\n<td>8<\/td>\n<td>8<\/td>\n<\/tr>\n<tr>\n<td>Przerzutki ty\u0142<\/td>\n<td>Deore 9<\/td>\n<td>Acera 8<\/td>\n<td>Acera 8<\/td>\n<\/tr>\n<tr>\n<td>Blokada o-lock z link\u0105<\/td>\n<td>Tak<\/td>\n<td>&#8211; (opcja)<\/td>\n<td>&#8211; (opcja)<\/td>\n<\/tr>\n<tr>\n<td>Impregnacja skrzyni<\/td>\n<td>Lakier jachtowy<\/td>\n<td>Lakierobejca<\/td>\n<td>Lakierobejca<\/td>\n<\/tr>\n<tr>\n<td>Regulacja kierownicy<\/td>\n<td>System Satori<\/td>\n<td>Pier\u015bcienie Ahead<\/td>\n<td>Pier\u015bcienie Ahead<\/td>\n<\/tr>\n<tr>\n<td>Kolor ramy<\/td>\n<td>Dowolny: paleta RAL<\/td>\n<td>Bia\u0142y lub Czarny<\/td>\n<td>Bia\u0142y lub Czarny<\/td>\n<\/tr>\n<\/tbody>\n<\/table>\n<p>&nbsp;<\/p>\n","protected":false},"featured_media":812,"template":"","meta":[],"product_brand":[],"product_cat":[43,27,42],"product_tag":[],"class_list":{"0":"post-797","1":"product","2":"type-product","3":"status-publish","4":"has-post-thumbnail","6":"product_cat-elektryczny","7":"product_cat-rowery","8":"product_cat-krotka-skrzynia-short","9":"product_shipping_class-rowery","11":"first","12":"instock","13":"taxable","14":"shipping-taxable","15":"purchasable","16":"product-type-variable","17":"has-default-attributes"},"_links":{"self":[{"href":"https:\/\/storkcargobike.com\/index.php\/wp-json\/wp\/v2\/product\/797","targetHints":{"allow":["GET"]}}],"collection":[{"href":"https:\/\/storkcargobike.com\/index.php\/wp-json\/wp\/v2\/product"}],"about":[{"href":"https:\/\/storkcargobike.com\/index.php\/wp-json\/wp\/v2\/types\/product"}],"version-history":[{"count":8,"href":"https:\/\/storkcargobike.com\/index.php\/wp-json\/wp\/v2\/product\/797\/revisions"}],"predecessor-version":[{"id":912,"href":"https:\/\/storkcargobike.com\/index.php\/wp-json\/wp\/v2\/product\/797\/revisions\/912"}],"wp:featuredmedia":[{"embeddable":true,"href":"https:\/\/storkcargobike.com\/index.php\/wp-json\/wp\/v2\/media\/812"}],"wp:attachment":[{"href":"https:\/\/storkcargobike.com\/index.php\/wp-json\/wp\/v2\/media?parent=797"}],"wp:term":[{"taxonomy":"product_brand","embeddable":true,"href":"https:\/\/storkcargobike.com\/index.php\/wp-json\/wp\/v2\/product_brand?post=797"},{"taxonomy":"product_cat","embeddable":true,"href":"https:\/\/storkcargobike.com\/index.php\/wp-json\/wp\/v2\/product_cat?post=797"},{"taxonomy":"product_tag","embeddable":true,"href":"https:\/\/storkcargobike.com\/index.php\/wp-json\/wp\/v2\/product_tag?post=797"}],"curies":[{"name":"wp","href":"https:\/\/api.w.org\/{rel}","templated":true}]}}