{"id":601,"date":"2020-01-02T14:36:01","date_gmt":"2020-01-02T13:36:01","guid":{"rendered":"https:\/\/storkcargobike.com\/?post_type=product&#038;p=601"},"modified":"2021-01-02T18:53:47","modified_gmt":"2021-01-02T17:53:47","slug":"pokrowiec-na-rower-cargo","status":"publish","type":"product","link":"https:\/\/storkcargobike.com\/index.php\/produkt\/pokrowiec-na-rower-cargo\/","title":{"rendered":"Pokrowiec na rower cargo"},"content":{"rendered":"","protected":false},"excerpt":{"rendered":"<p>Tw\u00f3j rower mo\u017cesz przykry\u0107 specjalnym pokrowcem. Je\u017celi rower cz\u0119sto jest zostawiany na zewn\u0105trz bez dachu, rekomendujemy stosowanie pokrowca. Dzi\u0119ki temu rower b\u0119dzie suchy i d\u0142u\u017cej zachowa dobry wygl\u0105d.<br \/>\nWymiary: 264cm x 104cm x 130cm<\/p>\n<p>Kolor: granatowy<\/p>\n<p>Chroni przed:<br \/>\n&#8211; wilgoci\u0105, deszczem, \u015bniegiem, oblodzeniem<br \/>\n&#8211; kurzem, brudem<br \/>\n&#8211; promieniowaniem UV<\/p>\n","protected":false},"featured_media":602,"template":"","meta":[],"product_brand":[],"product_cat":[15],"product_tag":[],"class_list":{"0":"post-601","1":"product","2":"type-product","3":"status-publish","4":"has-post-thumbnail","6":"product_cat-akcesoria","7":"product_shipping_class-akcesoria","9":"first","10":"instock","11":"taxable","12":"shipping-taxable","13":"purchasable","14":"product-type-simple"},"_links":{"self":[{"href":"https:\/\/storkcargobike.com\/index.php\/wp-json\/wp\/v2\/product\/601","targetHints":{"allow":["GET"]}}],"collection":[{"href":"https:\/\/storkcargobike.com\/index.php\/wp-json\/wp\/v2\/product"}],"about":[{"href":"https:\/\/storkcargobike.com\/index.php\/wp-json\/wp\/v2\/types\/product"}],"version-history":[{"count":4,"href":"https:\/\/storkcargobike.com\/index.php\/wp-json\/wp\/v2\/product\/601\/revisions"}],"predecessor-version":[{"id":703,"href":"https:\/\/storkcargobike.com\/index.php\/wp-json\/wp\/v2\/product\/601\/revisions\/703"}],"wp:featuredmedia":[{"embeddable":true,"href":"https:\/\/storkcargobike.com\/index.php\/wp-json\/wp\/v2\/media\/602"}],"wp:attachment":[{"href":"https:\/\/storkcargobike.com\/index.php\/wp-json\/wp\/v2\/media?parent=601"}],"wp:term":[{"taxonomy":"product_brand","embeddable":true,"href":"https:\/\/storkcargobike.com\/index.php\/wp-json\/wp\/v2\/product_brand?post=601"},{"taxonomy":"product_cat","embeddable":true,"href":"https:\/\/storkcargobike.com\/index.php\/wp-json\/wp\/v2\/product_cat?post=601"},{"taxonomy":"product_tag","embeddable":true,"href":"https:\/\/storkcargobike.com\/index.php\/wp-json\/wp\/v2\/product_tag?post=601"}],"curies":[{"name":"wp","href":"https:\/\/api.w.org\/{rel}","templated":true}]}}